{"id":899,"date":"2022-04-02T08:38:45","date_gmt":"2022-04-02T08:38:45","guid":{"rendered":"https:\/\/lyon.apbg.org\/?page_id=899"},"modified":"2022-04-02T08:38:45","modified_gmt":"2022-04-02T08:38:45","slug":"activites-2021-2022","status":"publish","type":"page","link":"https:\/\/lyon.apbg.fr\/?page_id=899","title":{"rendered":"Activit\u00e9s 2021-2022"},"content":{"rendered":"\n<h2 class=\"wp-block-heading\">Activit\u00e9s \u00e0 venir<\/h2>\n\n\n\n<h2 class=\"wp-block-heading\">Activit\u00e9s r\u00e9alis\u00e9es<\/h2>\n\n\n\n<ul class=\"wp-block-list\"><li>Mercredi 30 mars : <a href=\"https:\/\/lyon.apbg.org\/2022\/04\/02\/reunion-du-comite-de-la-regionale-mercredi-30-mars\/\" data-type=\"URL\" data-id=\"https:\/\/lyon.apbg.org\/2022\/04\/02\/reunion-du-comite-de-la-regionale-mercredi-30-mars\/\">R\u00e9union du bureau de la r\u00e9gionale<\/a><\/li><li>Dimanche 13 mars : <a href=\"https:\/\/lyon.apbg.org\/2022\/04\/02\/retour-du-comite-national-du-13-mars-2022\/\" data-type=\"URL\" data-id=\"https:\/\/lyon.apbg.org\/2022\/04\/02\/retour-du-comite-national-du-13-mars-2022\/\">R\u00e9union du comit\u00e9 national<\/a><\/li><\/ul>\n","protected":false},"excerpt":{"rendered":"<p>Activit\u00e9s \u00e0 venir Activit\u00e9s r\u00e9alis\u00e9es Mercredi 30 mars : R\u00e9union du bureau de la r\u00e9gionale Dimanche 13 mars : R\u00e9union<\/p>\n","protected":false},"author":1,"featured_media":0,"parent":0,"menu_order":0,"comment_status":"closed","ping_status":"closed","template":"","meta":{"colormag_page_container_layout":"default_layout","colormag_page_sidebar_layout":"default_layout","footnotes":""},"class_list":["post-899","page","type-page","status-publish","hentry"],"_links":{"self":[{"href":"https:\/\/lyon.apbg.fr\/index.php?rest_route=\/wp\/v2\/pages\/899","targetHints":{"allow":["GET"]}}],"collection":[{"href":"https:\/\/lyon.apbg.fr\/index.php?rest_route=\/wp\/v2\/pages"}],"about":[{"href":"https:\/\/lyon.apbg.fr\/index.php?rest_route=\/wp\/v2\/types\/page"}],"author":[{"embeddable":true,"href":"https:\/\/lyon.apbg.fr\/index.php?rest_route=\/wp\/v2\/users\/1"}],"replies":[{"embeddable":true,"href":"https:\/\/lyon.apbg.fr\/index.php?rest_route=%2Fwp%2Fv2%2Fcomments&post=899"}],"version-history":[{"count":0,"href":"https:\/\/lyon.apbg.fr\/index.php?rest_route=\/wp\/v2\/pages\/899\/revisions"}],"wp:attachment":[{"href":"https:\/\/lyon.apbg.fr\/index.php?rest_route=%2Fwp%2Fv2%2Fmedia&parent=899"}],"curies":[{"name":"wp","href":"https:\/\/api.w.org\/{rel}","templated":true}]}}