{"id":404,"date":"2012-10-22T12:53:43","date_gmt":"2012-10-22T12:53:43","guid":{"rendered":"http:\/\/lyon.apbg.org\/?page_id=404"},"modified":"2026-02-10T08:59:22","modified_gmt":"2026-02-10T07:59:22","slug":"archives-2012-2013","status":"publish","type":"page","link":"https:\/\/lyon.apbg.fr\/?page_id=404","title":{"rendered":"Archives 2012-2013"},"content":{"rendered":"\n<p>Devant un auditoire de plus de 90 personnes, le professeur Marc-Andr\u00e9 Selosse, dans sa&nbsp;conf\u00e9rence tr\u00e8s instructive et pleine d&rsquo;humour, a&nbsp;pr\u00e9sent\u00e9 des exemples de co-\u00e9volution permettant d&rsquo;illustrer le th\u00e8me correspondant du nouveau programme de TS.&nbsp;Vue l&rsquo;importance du sujet, exceptionnellement cette conf\u00e9rence a \u00e9t\u00e9 ouverte \u00e0 tous.<\/p>\n\n\n\n<p><strong>R\u00e9union p\u00e9dagogique, mercredi 5 d\u00e9cembre 2012 &nbsp;\u00e0 l<\/strong><strong>&lsquo;Universit\u00e9 Lyon I, Villeurbanne<\/strong><\/p>\n\n\n\n<p><strong>Deux exemples de progression<\/strong>&nbsp;de TS ont \u00e9t\u00e9 pr\u00e9sent\u00e9s sur le th\u00e8me \u00ab\u00a0les continents et leur dynamique\u00a0\u00bb du programme sp\u00e9cifique et \u00ab\u00a0glyc\u00e9mie et diab\u00e8te \u00a0\u00bb du programme de sp\u00e9cialit\u00e9.<\/p>\n\n\n\n<p><strong>Les paysages de Lyon et de ses alentours, partie th\u00e9orique<\/strong><\/p>\n\n\n\n<p><strong>mercredi 17 avril 2013, 14h 30,<\/strong>&nbsp;<strong>par Jean Ulysse<\/strong><\/p>\n\n\n\n<p>Pour r\u00e9pondre aux programmes de coll\u00e8ge ainsi qu\u2019au programme de TS concernant l\u2019\u00e9tude des paysages, Jean Ulysse a pr\u00e9sent\u00e9 diff\u00e9rents paysages observables \u00e0 Lyon et dans ses alentours proches. Cette premi\u00e8re partie en salle permettra d\u2019expliquer \u00e0 partir d\u2019exemples concrets comment analyser et d\u00e9crire un paysage.<\/p>\n\n\n\n<p><strong>L&rsquo;isostasie : notion, mod\u00e8les, exemples et applications, m<\/strong><strong>ercredi 20 mars 2013<\/strong><\/p>\n\n\n\n<p><strong>par le Dr Cyril Langlois de l\u2019ENS de Lyon<\/strong><\/p>\n\n\n\n<p>Dans le cadre du nouveau programme sp\u00e9cifique de Terminale S, C. Langlois, responsable du secteur g\u00e9ologie de la pr\u00e9paration \u00e0 l\u2019agr\u00e9gation de Lyon, a pr\u00e9sent\u00e9 lors d\u2019une conf\u00e9rence richement illustr\u00e9e la notion d\u2019isostasie ainsi que diff\u00e9rentes applications d\u00e9coulant de cette notion. Une approche historique a permis de pr\u00e9senter l\u2019\u00e9volution de la notion d\u2019isostasie au cours des si\u00e8cles pour finir par des cons\u00e9quences actuelles de ce ph\u00e9nom\u00e8ne.<\/p>\n\n\n\n<p><strong>Atelier pratique : cellules et organes du syst\u00e8me immunitaire, m<\/strong><strong>ercredi 13 f\u00e9vrier 2013, \u00e0 l&rsquo;ENS<\/strong><\/p>\n\n\n\n<p>Suite \u00e0 l\u2019activit\u00e9 th\u00e9orique de formation continue de l\u2019ann\u00e9e 2012 portant sur l\u2019immunit\u00e9, Mmes Davoust-Nataf et Journo ont propos\u00e9 deux ateliers pratiques r\u00e9pondant aux exigences du nouveau programme de terminale scientifique.<\/p>\n\n\n\n<p>Le premier atelier correspondait \u00e0 l\u2019\u00e9tude de coupes histologiques de structures impliqu\u00e9es dans l\u2019immunit\u00e9&nbsp;: frottis sanguins, peau en inflammation. Une approche tr\u00e8s utile pour la compr\u00e9hension des aspects cellulaires de la r\u00e9ponse immunitaire. Le deuxi\u00e8me atelier a permis de d\u00e9couvrir la technique de cytom\u00e8tre en flux, une technique de laboratoire utilis\u00e9e actuellement au quotidien par les chercheurs pour marquer et isoler les populations cellulaires.<\/p>\n\n\n\n<p><strong>La co-\u00e9volution : pourquoi et comment n&rsquo;\u00e9volue-t-on jamais seul&#8230;, m<\/strong><strong>ercredi 17 octobre 2012 \u00e0 l&rsquo;Universit\u00e9 Lyon I, Villeurbanne<\/strong><\/p>\n\n\n\n<p><strong>par le&nbsp;professeur Marc-Andr\u00e9 Selosse<\/strong><\/p>\n\n\n\n<p>Devant un auditoire de plus de 90 personnes, le professeur Marc-Andr\u00e9 Selosse, dans sa&nbsp;conf\u00e9rence tr\u00e8s instructive et pleine d&rsquo;humour, a&nbsp;pr\u00e9sent\u00e9 des exemples de co-\u00e9volution permettant d&rsquo;illustrer le th\u00e8me correspondant du nouveau programme de TS.&nbsp;Vue l&rsquo;importance du sujet, exceptionnellement cette conf\u00e9rence a \u00e9t\u00e9 ouverte \u00e0 tous.<\/p>\n\n\n\n<p><strong>R\u00e9union p\u00e9dagogique, mercredi 5 d\u00e9cembre 2012 &nbsp;\u00e0 l<\/strong><strong>&lsquo;Universit\u00e9 Lyon I, Villeurbanne<\/strong><\/p>\n\n\n\n<figure class=\"wp-block-image alignright size-full\"><img loading=\"lazy\" decoding=\"async\" width=\"227\" height=\"155\" src=\"https:\/\/lyon.apbg.fr\/wp-content\/uploads\/2026\/02\/phylo.jpg\" alt=\"\" class=\"wp-image-120\" srcset=\"https:\/\/lyon.apbg.fr\/wp-content\/uploads\/2026\/02\/phylo.jpg 227w, https:\/\/lyon.apbg.fr\/wp-content\/uploads\/2026\/02\/phylo-130x90.jpg 130w\" sizes=\"auto, (max-width: 227px) 100vw, 227px\" \/><\/figure>\n\n\n\n<p><strong>Deux exemples de progression<\/strong>&nbsp;de TS ont \u00e9t\u00e9 pr\u00e9sent\u00e9s sur le th\u00e8me \u00ab\u00a0les continents et leur dynamique\u00a0\u00bb du programme sp\u00e9cifique et \u00ab\u00a0glyc\u00e9mie et diab\u00e8te \u00a0\u00bb du programme de sp\u00e9cialit\u00e9.<\/p>\n\n\n\n<p><strong>Un nouveau kit APBG-\u00c9cole de l&rsquo;ADN<\/strong>&nbsp;a \u00e9t\u00e9 pr\u00e9sent\u00e9 par un sp\u00e9cialiste de l&rsquo;\u00e9cole de l&rsquo;ADN :&nbsp;phylog\u00e9nie mol\u00e9culaire pour classer des esp\u00e8ces en fonction de leur degr\u00e9 de parent\u00e9 (distance g\u00e9n\u00e9tique) et en d\u00e9duire leur phylog\u00e9nie (orang-outan, gorille, chimpanz\u00e9, homme), r\u00e9f. PHYK12.&nbsp;Ce TP a \u00e9t\u00e9 mis en \u0153uvre devant les participants et le protocole explicit\u00e9. Il correspond au nouveau programme de TS.Devant un auditoire de plus de 90 personnes, le professeur Marc-Andr\u00e9 Selosse, dans sa\u00a0conf\u00e9rence tr\u00e8s instructive et pleine d&rsquo;humour, a\u00a0pr\u00e9sent\u00e9 des exemples de co-\u00e9volution permettant d&rsquo;illustrer le th\u00e8me correspondant du nouveau programme de TS.\u00a0Vue l&rsquo;importance du sujet, exceptionnellement cette conf\u00e9rence a \u00e9t\u00e9 ouverte \u00e0 tous.<\/p>\n\n\n\n<p><\/p>\n\n\n\n<p><\/p>\n","protected":false},"excerpt":{"rendered":"<p>Devant un auditoire de plus de 90 personnes, le professeur Marc-Andr\u00e9 Selosse, dans sa&nbsp;conf\u00e9rence tr\u00e8s instructive et pleine d&rsquo;humour, a&nbsp;pr\u00e9sent\u00e9<\/p>\n","protected":false},"author":1,"featured_media":0,"parent":180,"menu_order":50,"comment_status":"closed","ping_status":"open","template":"","meta":{"colormag_page_container_layout":"default_layout","colormag_page_sidebar_layout":"default_layout","footnotes":""},"class_list":["post-404","page","type-page","status-publish","hentry"],"_links":{"self":[{"href":"https:\/\/lyon.apbg.fr\/index.php?rest_route=\/wp\/v2\/pages\/404","targetHints":{"allow":["GET"]}}],"collection":[{"href":"https:\/\/lyon.apbg.fr\/index.php?rest_route=\/wp\/v2\/pages"}],"about":[{"href":"https:\/\/lyon.apbg.fr\/index.php?rest_route=\/wp\/v2\/types\/page"}],"author":[{"embeddable":true,"href":"https:\/\/lyon.apbg.fr\/index.php?rest_route=\/wp\/v2\/users\/1"}],"replies":[{"embeddable":true,"href":"https:\/\/lyon.apbg.fr\/index.php?rest_route=%2Fwp%2Fv2%2Fcomments&post=404"}],"version-history":[{"count":2,"href":"https:\/\/lyon.apbg.fr\/index.php?rest_route=\/wp\/v2\/pages\/404\/revisions"}],"predecessor-version":[{"id":1143,"href":"https:\/\/lyon.apbg.fr\/index.php?rest_route=\/wp\/v2\/pages\/404\/revisions\/1143"}],"up":[{"embeddable":true,"href":"https:\/\/lyon.apbg.fr\/index.php?rest_route=\/wp\/v2\/pages\/180"}],"wp:attachment":[{"href":"https:\/\/lyon.apbg.fr\/index.php?rest_route=%2Fwp%2Fv2%2Fmedia&parent=404"}],"curies":[{"name":"wp","href":"https:\/\/api.w.org\/{rel}","templated":true}]}}