{"id":198,"date":"2012-02-05T14:30:27","date_gmt":"2012-02-05T14:30:27","guid":{"rendered":"http:\/\/lyon.apbg.org\/?page_id=198"},"modified":"2026-02-10T09:05:31","modified_gmt":"2026-02-10T08:05:31","slug":"archives-2010","status":"publish","type":"page","link":"https:\/\/lyon.apbg.fr\/?page_id=198","title":{"rendered":"Archives 2016-2017"},"content":{"rendered":"<p><strong>Mercredi 11 janvier 2017 \u00e0\u00a014 h<\/strong><\/p>\n<p>Action Inserm-APBG sur le th\u00e8me \u00ab\u00a0Le microbiote\u00a0\u00bb<\/p>\n<p>D\u00e9l\u00e9gation de l\u2019Inserm, Inserm-D.R. Rh\u00f4ne-Alpes, Auvergne Centre Hospitalier Le Vinatier<\/p>\n<p>95, boulevard Pinel \u2013 B\u00e2timent 452B, dans la salle soieries du 1<sup>er<\/sup> \u00e9tage, Bron 69500<\/p>\n<p>La s\u00e9ance a d\u00e9but\u00e9 par une courte pr\u00e9sentation de la structuration de la recherche en r\u00e9gion Auvergne-Rh\u00f4ne-Alpes.<\/p>\n<p>Puis des chercheurs sont intervenus, avec questions \/ r\u00e9ponses dans la foul\u00e9e de chaque intervention.<\/p>\n<p>Intervention de\u00a0:<\/p>\n<p>&#8211; Amandine Gautier Stein : unit\u00e9 Inserm U1213, Nutrition, Diab\u00e8te et Cerveau<\/p>\n<p>&#8211; Hubert Vidal : \u00e9quipe A<a href=\"http:\/\/sfrsantelyonest.univ-lyon1.fr\/equipe21-adaptations-nutritionnelles-environnement-et-diabetes.html\">daptations nutritionnelles, Environnement et Diab\u00e8tes<\/a> de l&rsquo;unit\u00e9 Inserm U1060.<\/p>\n<p><strong>Mercredi 7 d\u00e9cembre 2016 \u00e0\u00a014 h 30<\/strong><\/p>\n<p>\u00ab La g\u00e9odynamique externes \u00bb<br \/>\npar le professeur Cyril Langlois de l&rsquo;ENS de Lyon<\/p>\n","protected":false},"excerpt":{"rendered":"<p>Mercredi 11 janvier 2017 \u00e0\u00a014 h Action Inserm-APBG sur le th\u00e8me \u00ab\u00a0Le microbiote\u00a0\u00bb D\u00e9l\u00e9gation de l\u2019Inserm, Inserm-D.R. Rh\u00f4ne-Alpes, Auvergne Centre<\/p>\n","protected":false},"author":1,"featured_media":0,"parent":180,"menu_order":10,"comment_status":"closed","ping_status":"open","template":"","meta":{"colormag_page_container_layout":"default_layout","colormag_page_sidebar_layout":"default_layout","footnotes":""},"class_list":["post-198","page","type-page","status-publish","hentry"],"_links":{"self":[{"href":"https:\/\/lyon.apbg.fr\/index.php?rest_route=\/wp\/v2\/pages\/198","targetHints":{"allow":["GET"]}}],"collection":[{"href":"https:\/\/lyon.apbg.fr\/index.php?rest_route=\/wp\/v2\/pages"}],"about":[{"href":"https:\/\/lyon.apbg.fr\/index.php?rest_route=\/wp\/v2\/types\/page"}],"author":[{"embeddable":true,"href":"https:\/\/lyon.apbg.fr\/index.php?rest_route=\/wp\/v2\/users\/1"}],"replies":[{"embeddable":true,"href":"https:\/\/lyon.apbg.fr\/index.php?rest_route=%2Fwp%2Fv2%2Fcomments&post=198"}],"version-history":[{"count":1,"href":"https:\/\/lyon.apbg.fr\/index.php?rest_route=\/wp\/v2\/pages\/198\/revisions"}],"predecessor-version":[{"id":1149,"href":"https:\/\/lyon.apbg.fr\/index.php?rest_route=\/wp\/v2\/pages\/198\/revisions\/1149"}],"up":[{"embeddable":true,"href":"https:\/\/lyon.apbg.fr\/index.php?rest_route=\/wp\/v2\/pages\/180"}],"wp:attachment":[{"href":"https:\/\/lyon.apbg.fr\/index.php?rest_route=%2Fwp%2Fv2%2Fmedia&parent=198"}],"curies":[{"name":"wp","href":"https:\/\/api.w.org\/{rel}","templated":true}]}}