{"id":148,"date":"2011-12-16T13:22:41","date_gmt":"2011-12-16T13:22:41","guid":{"rendered":"http:\/\/modele-regionales.apbg.org\/?page_id=6"},"modified":"2011-12-16T13:22:41","modified_gmt":"2011-12-16T13:22:41","slug":"activites","status":"publish","type":"page","link":"https:\/\/lyon.apbg.fr\/?page_id=148","title":{"rendered":"Activit\u00e9s 2017-2018"},"content":{"rendered":"\n<h2 class=\"wp-block-heading\"><strong>&nbsp;<\/strong><\/h2>\n\n\n\n<p class=\"has-medium-font-size\"><strong>Sortie La g\u00e9ologie des b\u00e2timents Lyonnais<\/strong><\/p>\n\n\n\n<p class=\"has-medium-font-size\">L\u2019APBG de Lyon, vous propose de voyager en une matin\u00e9e, du Br\u00e9sil \u00e0 l\u2019Ile Cr\u00e9mieu&nbsp;en passant par l\u2019Italie et le midi, tout cela en se promenant dans les rues du Vieux Lyon.<\/p>\n\n\n\n<p class=\"has-medium-font-size\">Cette sortie nous permettra de voyager au fond des oc\u00e9ans \u00e0 la rencontre de b\u00e9lemnites et de Gryph\u00e9es, et le calcaire de St Fortunat tout comme le Choin de Villebois n\u2019auront plus de secrets pour vous.<\/p>\n\n\n\n<p class=\"has-medium-font-size\">Vous pourrez suivre cette sortie avec des compl\u00e9ments sur votre smartphone en utilisant l\u2019application\u00a0<a href=\"https:\/\/izi.travel\/browse\/48686161-7713-4ae4-906c-1021e6004be2\/fr\">izi.TRAVEL<\/a>.<\/p>\n","protected":false},"excerpt":{"rendered":"<p>&nbsp; Sortie La g\u00e9ologie des b\u00e2timents Lyonnais L\u2019APBG de Lyon, vous propose de voyager en une matin\u00e9e, du Br\u00e9sil \u00e0<\/p>\n","protected":false},"author":1,"featured_media":799,"parent":0,"menu_order":10,"comment_status":"closed","ping_status":"closed","template":"","meta":{"colormag_page_container_layout":"default_layout","colormag_page_sidebar_layout":"default_layout","footnotes":""},"class_list":["post-148","page","type-page","status-publish","has-post-thumbnail","hentry"],"_links":{"self":[{"href":"https:\/\/lyon.apbg.fr\/index.php?rest_route=\/wp\/v2\/pages\/148","targetHints":{"allow":["GET"]}}],"collection":[{"href":"https:\/\/lyon.apbg.fr\/index.php?rest_route=\/wp\/v2\/pages"}],"about":[{"href":"https:\/\/lyon.apbg.fr\/index.php?rest_route=\/wp\/v2\/types\/page"}],"author":[{"embeddable":true,"href":"https:\/\/lyon.apbg.fr\/index.php?rest_route=\/wp\/v2\/users\/1"}],"replies":[{"embeddable":true,"href":"https:\/\/lyon.apbg.fr\/index.php?rest_route=%2Fwp%2Fv2%2Fcomments&post=148"}],"version-history":[{"count":0,"href":"https:\/\/lyon.apbg.fr\/index.php?rest_route=\/wp\/v2\/pages\/148\/revisions"}],"wp:featuredmedia":[{"embeddable":true,"href":"https:\/\/lyon.apbg.fr\/index.php?rest_route=\/"}],"wp:attachment":[{"href":"https:\/\/lyon.apbg.fr\/index.php?rest_route=%2Fwp%2Fv2%2Fmedia&parent=148"}],"curies":[{"name":"wp","href":"https:\/\/api.w.org\/{rel}","templated":true}]}}