{"id":147,"date":"2011-12-16T13:17:48","date_gmt":"2011-12-16T13:17:48","guid":{"rendered":"http:\/\/modele-regionales.apbg.org\/?page_id=2"},"modified":"2026-02-10T09:09:29","modified_gmt":"2026-02-10T08:09:29","slug":"organigramme","status":"publish","type":"page","link":"https:\/\/lyon.apbg.fr\/?page_id=147","title":{"rendered":"Organigramme"},"content":{"rendered":"\n<figure class=\"wp-block-image alignleft size-full\"><img loading=\"lazy\" decoding=\"async\" width=\"320\" height=\"240\" src=\"https:\/\/lyon.apbg.fr\/wp-content\/uploads\/2026\/02\/IMG_5249-1.jpg\" alt=\"\" class=\"wp-image-100\" srcset=\"https:\/\/lyon.apbg.fr\/wp-content\/uploads\/2026\/02\/IMG_5249-1.jpg 320w, https:\/\/lyon.apbg.fr\/wp-content\/uploads\/2026\/02\/IMG_5249-1-300x225.jpg 300w\" sizes=\"auto, (max-width: 320px) 100vw, 320px\" \/><\/figure>\n\n\n\n<p><span style=\"color: #339966\"><strong>&nbsp;&nbsp;<\/strong><\/span><span style=\"color: #339966\"><strong><span style=\"color: #00ff00\">Membres du Bureau R\u00e9gional<\/span><\/strong><\/span><span style=\"color: #800080\"><strong><br>\n<\/strong><\/span><\/p>\n\n\n\n<p class=\"has-text-align-left\"><em><strong>Pr\u00e9sidente <\/strong>: <\/em>Coralie ULYSSE, <span style=\"color: #00ff00\"><a style=\"color: #00ff00\" href=\"mailto:co.ulysse@me.com\">co.ulysse@me.com<\/a><\/span><\/p>\n\n\n\n<p class=\"has-text-align-left\"><strong>Vice-pr\u00e9sidente :<\/strong> Perrine DOUHERET<\/p>\n\n\n\n<p class=\"has-text-align-left\"><em><strong>Secr\u00e9taire&nbsp;:<\/strong><\/em> Vincent DETILLEUX<\/p>\n\n\n\n<p class=\"has-text-align-left\"><strong><em><em><strong>Tr\u00e9sorier :<\/strong><\/em><\/em><\/strong>&nbsp; Bertrand ULYSSE<a href=\"mailto:eliane.vernet@wanadoo.fr\"><br>\n<\/a><\/p>\n\n\n\n<p class=\"has-text-align-left\"><\/p>\n\n\n\n<p class=\"has-text-align-left\"><span style=\"color: #00ff00\"><em><strong>Autres membres<\/strong><\/em><\/span><\/p>\n\n\n\n<p class=\"has-text-align-left\">B\u00e9n\u00e9dicte APPLAGNAT-TARTET<\/p>\n\n\n\n<p class=\"has-text-align-left\">Martine FRECH-MARTINET<\/p>\n\n\n\n<p class=\"has-text-align-left\">Sa\u00efda VAILLER<span class=\"Apple-style-span\" style=\"font-family: Georgia, 'Bitstream Charter', serif;font-size: 13px\">&nbsp; &nbsp;<\/span><\/p>\n\n\n\n<p class=\"has-text-align-left\">&nbsp;St\u00e9phanie BREUIL<span class=\"Apple-style-span\" style=\"font-family: Georgia, 'Bitstream Charter', serif;font-size: 13px\">&nbsp; &nbsp; &nbsp; &nbsp; &nbsp; &nbsp; &nbsp; &nbsp; &nbsp; &nbsp; &nbsp;&nbsp;<\/span><span class=\"Apple-style-span\" style=\"font-family: Georgia, 'Bitstream Charter', serif;font-size: 13px\"><br>\n<\/span><\/p>\n\n\n\n<p class=\"has-text-align-left\"><span style=\"color: #00ff00\"><strong>Membres du Comit\u00e9 R\u00e9gional<\/strong><\/span><\/p>\n\n\n\n<ul class=\"wp-block-list\">\n<li>B\u00e9n\u00e9dicte APPLAGNAT-TARTET<\/li>\n\n\n\n<li>Vincent DETILLEUX<\/li>\n\n\n\n<li>Perrine DOUHERET<\/li>\n\n\n\n<li>Martine FRECH-MARTINET<\/li>\n\n\n\n<li>Bertrand ULYSSE<\/li>\n\n\n\n<li>Coralie ULYSSE<\/li>\n\n\n\n<li>Sa\u00efda VAILLER<\/li>\n<\/ul>\n\n\n\n<div>\n<h3><span style=\"color: #00ff00\"><strong>D\u00e9l\u00e9gu\u00e9s au Comit\u00e9 National<\/strong><\/span><\/h3>\n<\/div>\n\n\n\n<ul class=\"wp-block-list\">\n<li><em><strong>Titulaires<\/strong><\/em> : Perrine DOUHERET, Coralie ULYSSE<\/li>\n\n\n\n<li><em><strong>Rempla\u00e7ants<\/strong><\/em> : Martine FRECH-MARTINET, St\u00e9phanie BREUIL<\/li>\n<\/ul>\n","protected":false},"excerpt":{"rendered":"<p>&nbsp;&nbsp;Membres du Bureau R\u00e9gional Pr\u00e9sidente : Coralie ULYSSE, co.ulysse@me.com Vice-pr\u00e9sidente : Perrine DOUHERET Secr\u00e9taire&nbsp;: Vincent DETILLEUX Tr\u00e9sorier :&nbsp; Bertrand ULYSSE<\/p>\n","protected":false},"author":1,"featured_media":0,"parent":0,"menu_order":20,"comment_status":"closed","ping_status":"closed","template":"","meta":{"colormag_page_container_layout":"default_layout","colormag_page_sidebar_layout":"default_layout","footnotes":""},"class_list":["post-147","page","type-page","status-publish","hentry"],"_links":{"self":[{"href":"https:\/\/lyon.apbg.fr\/index.php?rest_route=\/wp\/v2\/pages\/147","targetHints":{"allow":["GET"]}}],"collection":[{"href":"https:\/\/lyon.apbg.fr\/index.php?rest_route=\/wp\/v2\/pages"}],"about":[{"href":"https:\/\/lyon.apbg.fr\/index.php?rest_route=\/wp\/v2\/types\/page"}],"author":[{"embeddable":true,"href":"https:\/\/lyon.apbg.fr\/index.php?rest_route=\/wp\/v2\/users\/1"}],"replies":[{"embeddable":true,"href":"https:\/\/lyon.apbg.fr\/index.php?rest_route=%2Fwp%2Fv2%2Fcomments&post=147"}],"version-history":[{"count":1,"href":"https:\/\/lyon.apbg.fr\/index.php?rest_route=\/wp\/v2\/pages\/147\/revisions"}],"predecessor-version":[{"id":1150,"href":"https:\/\/lyon.apbg.fr\/index.php?rest_route=\/wp\/v2\/pages\/147\/revisions\/1150"}],"wp:attachment":[{"href":"https:\/\/lyon.apbg.fr\/index.php?rest_route=%2Fwp%2Fv2%2Fmedia&parent=147"}],"curies":[{"name":"wp","href":"https:\/\/api.w.org\/{rel}","templated":true}]}}