{"id":1017,"date":"2022-04-02T15:47:30","date_gmt":"2022-04-02T15:47:30","guid":{"rendered":"https:\/\/lyon.apbg.org\/?page_id=1017"},"modified":"2022-04-02T15:47:30","modified_gmt":"2022-04-02T15:47:30","slug":"activites-2020-2021","status":"publish","type":"page","link":"https:\/\/lyon.apbg.fr\/?page_id=1017","title":{"rendered":"Activit\u00e9s 2020-2021"},"content":{"rendered":"\n<p>Samedi 2 octobre 2021: Temps de\u00a0<a rel=\"noreferrer noopener\" href=\"https:\/\/lyon.apbg.org\/2022\/04\/02\/temps-de-formation-biodiversite-vegetale\/\" data-type=\"URL\" data-id=\"https:\/\/lyon.apbg.org\/2022\/04\/02\/temps-de-formation-biodiversite-vegetale\/\" target=\"_blank\">Formation Biodiversit\u00e9 v\u00e9g\u00e9tale<\/a><\/p>\n\n\n\n<p>Samedi 12 juin 2021: D\u00e9couverte de l\u2019origine du <a rel=\"noreferrer noopener\" href=\"https:\/\/lyon.apbg.org\/2022\/04\/02\/decouverte-de-lorigine-du-mont-brouilly\/\" target=\"_blank\">Mont Brouilly<\/a><\/p>\n","protected":false},"excerpt":{"rendered":"<p>Samedi 2 octobre 2021: Temps de\u00a0Formation Biodiversit\u00e9 v\u00e9g\u00e9tale Samedi 12 juin 2021: D\u00e9couverte de l\u2019origine du Mont Brouilly<\/p>\n","protected":false},"author":1,"featured_media":0,"parent":0,"menu_order":0,"comment_status":"closed","ping_status":"closed","template":"","meta":{"colormag_page_container_layout":"default_layout","colormag_page_sidebar_layout":"default_layout","footnotes":""},"class_list":["post-1017","page","type-page","status-publish","hentry"],"_links":{"self":[{"href":"https:\/\/lyon.apbg.fr\/index.php?rest_route=\/wp\/v2\/pages\/1017","targetHints":{"allow":["GET"]}}],"collection":[{"href":"https:\/\/lyon.apbg.fr\/index.php?rest_route=\/wp\/v2\/pages"}],"about":[{"href":"https:\/\/lyon.apbg.fr\/index.php?rest_route=\/wp\/v2\/types\/page"}],"author":[{"embeddable":true,"href":"https:\/\/lyon.apbg.fr\/index.php?rest_route=\/wp\/v2\/users\/1"}],"replies":[{"embeddable":true,"href":"https:\/\/lyon.apbg.fr\/index.php?rest_route=%2Fwp%2Fv2%2Fcomments&post=1017"}],"version-history":[{"count":0,"href":"https:\/\/lyon.apbg.fr\/index.php?rest_route=\/wp\/v2\/pages\/1017\/revisions"}],"wp:attachment":[{"href":"https:\/\/lyon.apbg.fr\/index.php?rest_route=%2Fwp%2Fv2%2Fmedia&parent=1017"}],"curies":[{"name":"wp","href":"https:\/\/api.w.org\/{rel}","templated":true}]}}